{"id":8,"date":"2018-11-06T17:38:55","date_gmt":"2018-11-06T17:38:55","guid":{"rendered":"http:\/\/www.ulrikastroemstedt.com\/?page_id=8"},"modified":"2023-01-22T20:52:01","modified_gmt":"2023-01-22T20:52:01","slug":"vita","status":"publish","type":"page","link":"http:\/\/www.ulrikastroemstedt.com\/vita\/","title":{"rendered":"biografi"},"content":{"rendered":"<p><img decoding=\"async\" loading=\"lazy\" class=\"wp-image-64\" src=\"http:\/\/www.ulrikastroemstedt.com\/wp-content\/uploads\/2013\/12\/ulrika_portrait.jpg\" alt=\"ulrika_portrait\" width=\"270\" height=\"360\" srcset=\"http:\/\/www.ulrikastroemstedt.com\/wp-content\/uploads\/2013\/12\/ulrika_portrait.jpg 443w, http:\/\/www.ulrikastroemstedt.com\/wp-content\/uploads\/2013\/12\/ulrika_portrait-224x300.jpg 224w\" sizes=\"(max-width: 270px) 100vw, 270px\" \/><img decoding=\"async\" loading=\"lazy\" class=\"wp-image-65\" src=\"http:\/\/www.ulrikastroemstedt.com\/wp-content\/uploads\/2013\/12\/ulrika_vita.png\" alt=\"ulrika_vita\" width=\"285\" height=\"360\" \/><\/p>\n<h1>ULRIKA STR\u00d6MSTEDT<\/h1>\n<p>Den lyriska Mezzosopranen Ulrika Str\u00f6mstedt var fast engagerad som solist mellan 2002-2013 p\u00e5 Deutsches Nationaltheater. Som frilansare f\u00f6ljde engagemang som&nbsp;g\u00e4stsolist p\u00e5&nbsp;<em>Staatstheater Wiesbaden, Staatstheater Darmstadt, Gera\/Altenburg Theater, Oper Erfurt, S\u00fcdth\u00fcringischen Staatstheater Meiningen i Tyskland Teatre L\u2019escoxador i Lleida, Spanien och Luzerner Theater <\/em>i Schweiz.<\/p>\n<p>Ulrika Str\u00f6mstedt \u00e4r f\u00f6dd och uppvuxen i Arvika. Hon studerade p\u00e5 <em>Operastudio\u2019 67<\/em> i Stockholm och p\u00e5 <em>Det Kongelige Operakademie \/ <\/em><em>Det Kongelige Danske Musikkonservatorium<\/em> i K\u00f6penhamn, f\u00f6r professor Kirsten Buhl M\u00f8ller och tog masterclasses f\u00f6r Anthony Rolfe-Johnson och Diane Montague. Under studietiden samlade hon professinella erfarenheter och&nbsp;&nbsp;sj\u00f6ng \u00e4ven st\u00f6rre roller p\u00e5 <em>Det Kongelige Theater<\/em> och <em>Tivoli Plaenen<\/em> i K\u00f6penhamn samt p\u00e5 teatern&nbsp;<em>Vadstena Akademien.<\/em><\/p>\n<p>Av de \u00f6ver 30 Rollen Ulrika Str\u00f6mstedt \u00e4r n\u00e5gra att framh\u00e4va:<\/p>\n<p><strong>B<\/strong><strong>\u00e9<\/strong><strong>atrice<\/strong><em> B<\/em><em>\u00e9<\/em><em>atrice et B<\/em><em>\u00e9<\/em><em>n<\/em><em>\u00e9<\/em><em>dict<\/em> \/ Berlioz<\/p>\n<p><strong>Rosina<\/strong> <em>Il Barbier<\/em><em>e di Siviglia<\/em>\/ Rossini, <strong>Desdemona<\/strong> <em>Otello<\/em> \/ Rossini<\/p>\n<p><strong>Cherubino<\/strong> <em>Le nozze di Figaro<\/em> \/ Mozart, <strong>Idamante<\/strong> <em>Idomeneo<\/em> \/ Mozart<\/p>\n<p><strong>Dorabella<\/strong> <em>Cos<\/em><em>\u00ec<\/em> <em>fan tutte<\/em> \/ Mozart, <strong>Zerlina<\/strong> und <strong>Donna Elvira<\/strong>&nbsp;<em>Don Giovanni<\/em> \/ Mozart<\/p>\n<p><strong>H<\/strong><strong>\u00e4<\/strong><strong>nsel<\/strong> <em>H<\/em><em>\u00e4<\/em><em>nsel und Gretel<\/em> \/ Humperdinck<\/p>\n<p><strong>Ottavia<\/strong><em> L<\/em><em>\u2018<\/em><em>incoronazione di Poppea<\/em> \/ Monteverdi<\/p>\n<p><strong>Ruggiero<\/strong><em> Alcina<\/em> \/ H\u00e4ndel, <strong>Ariodante<\/strong> &nbsp;<em>Ariodante<\/em> \/ H\u00e4ndel,<\/p>\n<p><strong>Oreste <\/strong>Oreste\/ H\u00e4ndel<\/p>\n<p>Ulrika Str\u00f6mstedt har ett speciellt intresse f\u00f6r modern musik och sj\u00f6ng Huvudpartiet<strong> Alice\/ k\u2019Ali<\/strong> i Per N\u00f6rgards Opera <em>Nuit des Hommes, <\/em><strong>Sopranen<\/strong> i Luigi Nonos \u2028<em>La fabbrica illuminata<\/em>. Speciellt kan man framh\u00e4va hennes roll som <strong>\u201ePojken\u201d<\/strong> i den moderna kammaroperan <em>Pnima<\/em> av Chaya Czernowin. Denna f\u00f6rsta produktion med en Stadsteaterensemble vann stort nationellt mediaintresse, efter uruppf\u00f6ringen i Biennalen i M\u00fcnchen. I Festivalen Kunstfest sj\u00f6ng hon <strong>Zeugin \/ett Vittne<\/strong> i Rzewskis Opera <em>Triumph des Todes<\/em> (G\u00f6tz-Friedrich-Preis 2016). En ytterligare stor framg\u00e5ng firade hon som<strong> Desdemona<\/strong> i Rossinis Othello som uppm\u00e4rksammades i flera facktidskrifter f\u00f6r opera.<\/p>\n<p>Som solist har hon bland annat sjungit konserter med <em>Symfoni- orkester Odense<\/em> och <em>Symfoniorkester Aarhus<\/em> (Danmark), <em>Orchester Musikkollegium Winterthur<\/em> (Schweiz), <em>Orquestra Barroca de Lleida<\/em> (Spanien), <em>Ensemble Iberoamericano<\/em>, <em>Klangwerkstatt Weimar<\/em>, <em>Mitteldeutschen Kammerorchester<\/em> och <em>Staatskapelle Weimar<\/em> (Tyskland), <em>Hofer Symphoniker<\/em> och den europeiska barockorkestern <em>Le Chardon<\/em>.<\/p>\n<p>Till repertoaren h\u00f6r bland annat: <em>Sh\u00e9h\u00e9razade<\/em> av Ravel, <em>Les nuits d\u2019\u00e9t\u00e9<\/em> av Berlioz, Sibelius s\u00e5nger, Wagners <em>Wesendonck-Lieder<\/em>, Bachs <em>Juloratorium<\/em> och<em> Passioner<\/em>, <em>Stabat Mater<\/em> av Pergolesi, Saint-Saens <em>Oratoire de Noel<\/em>, <em>Mozarts Requiem<\/em> och<em> C-moll m\u00e4ssa<\/em>, f\u00f6r att n\u00e4mna n\u00e5gra exempel.<\/p>\n<p>2009 spelade hon in Mendelssons Lobgesang p\u00e5 CD med Heidelberger Sinfoniker.<\/p>\n","protected":false},"excerpt":{"rendered":"<p>ULRIKA STR\u00d6MSTEDT Den lyriska Mezzosopranen Ulrika Str\u00f6mstedt var fast engagerad som solist mellan 2002-2013 p\u00e5 Deutsches Nationaltheater. Som frilansare f\u00f6ljde engagemang som&nbsp;g\u00e4stsolist p\u00e5&nbsp;Staatstheater Wiesbaden, Staatstheater Darmstadt, Gera\/Altenburg Theater, Oper Erfurt, S\u00fcdth\u00fcringischen Staatstheater Meiningen i Tyskland [&hellip;]<\/p>\n","protected":false},"author":1,"featured_media":64,"parent":0,"menu_order":0,"comment_status":"closed","ping_status":"closed","template":"","meta":[],"acf":[],"_links":{"self":[{"href":"http:\/\/www.ulrikastroemstedt.com\/wp-json\/wp\/v2\/pages\/8"}],"collection":[{"href":"http:\/\/www.ulrikastroemstedt.com\/wp-json\/wp\/v2\/pages"}],"about":[{"href":"http:\/\/www.ulrikastroemstedt.com\/wp-json\/wp\/v2\/types\/page"}],"author":[{"embeddable":true,"href":"http:\/\/www.ulrikastroemstedt.com\/wp-json\/wp\/v2\/users\/1"}],"replies":[{"embeddable":true,"href":"http:\/\/www.ulrikastroemstedt.com\/wp-json\/wp\/v2\/comments?post=8"}],"version-history":[{"count":69,"href":"http:\/\/www.ulrikastroemstedt.com\/wp-json\/wp\/v2\/pages\/8\/revisions"}],"predecessor-version":[{"id":873,"href":"http:\/\/www.ulrikastroemstedt.com\/wp-json\/wp\/v2\/pages\/8\/revisions\/873"}],"wp:featuredmedia":[{"embeddable":true,"href":"http:\/\/www.ulrikastroemstedt.com\/wp-json\/wp\/v2\/media\/64"}],"wp:attachment":[{"href":"http:\/\/www.ulrikastroemstedt.com\/wp-json\/wp\/v2\/media?parent=8"}],"curies":[{"name":"wp","href":"https:\/\/api.w.org\/{rel}","templated":true}]}}