{"id":8,"date":"2018-11-06T17:38:55","date_gmt":"2018-11-06T17:38:55","guid":{"rendered":"http:\/\/www.ulrikastroemstedt.com\/?page_id=8"},"modified":"2023-01-22T20:52:01","modified_gmt":"2023-01-22T20:52:01","slug":"vita","status":"publish","type":"page","link":"http:\/\/www.ulrikastroemstedt.com\/vita\/","title":{"rendered":"vita"},"content":{"rendered":"<p><p><img decoding=\"async\" loading=\"lazy\" class=\"wp-image-64\" src=\"http:\/\/www.ulrikastroemstedt.com\/wp-content\/uploads\/2013\/12\/ulrika_portrait.jpg\" alt=\"ulrika_portrait\" width=\"270\" height=\"360\" srcset=\"http:\/\/www.ulrikastroemstedt.com\/wp-content\/uploads\/2013\/12\/ulrika_portrait.jpg 443w, http:\/\/www.ulrikastroemstedt.com\/wp-content\/uploads\/2013\/12\/ulrika_portrait-224x300.jpg 224w\" sizes=\"(max-width: 270px) 100vw, 270px\" \/><img decoding=\"async\" loading=\"lazy\" class=\"wp-image-65\" src=\"http:\/\/www.ulrikastroemstedt.com\/wp-content\/uploads\/2013\/12\/ulrika_vita.png\" alt=\"ulrika_vita\" width=\"285\" height=\"360\" \/><\/p>\n<h1>ULRIKA STR\u00d6MSTEDT<\/h1>\n<p>Die lyrische Mezzosopranistin Ulrika Str\u00f6mstedt war von 2002-2013 festes Ensemblemitglied am <em>Deutschen Nationaltheater<\/em> Weimar und hat \u00fcber 30 Opernpartien gesungen. Freiberuflich sang sie danach u.a. am<em> Staatstheater Wiesbaden, Staatstheater Darmstadt, Gera\/Altenburg Theater, im <em>S\u00fcdth\u00fcringischen Staatstheater Meiningen,\u00a0<\/em><\/em>am <em>Luzerner Theater,\u00a0<\/em>\u00a0am Theatre L&#8217;\u00e8scorxador in Lleida, Spanien und am\u00a0<em>Deutschen Nationaltheater<\/em><span class=\"apple-converted-space\">\u00a0<\/span>Weimar.<\/p>\n<p>Ulrika Str\u00f6mstedt wurde in Arvika, Schweden geboren. Sie studierte an der K\u00f6niglichen Opernakademie in Kopenhagen bei Prof. Kirsten Buhl M\u00f8ller und absolvierte Meisterkurse bei Anthony Rolfe Johnson und Diane Montague. W\u00e4hrend des Studium sang sie auch gr\u00f6ssere Partien am\u00a0<em>K\u00f6niglichen Theater Kopenhagen, Tivoli in Kopenhagen <\/em>und<em> Theater Vadstena-Akademien<\/em> (Schweden).<\/p>\n<p>Von den \u00fcber 30 Rollen Ulrika Str\u00f6mstedt gesungen hat, sind einige hervorzuheben:<\/p>\n<p><strong>B<\/strong><strong>\u00e9<\/strong><strong>atrice<\/strong><em> B<\/em><em>\u00e9<\/em><em>atrice et B<\/em><em>\u00e9<\/em><em>n<\/em><em>\u00e9<\/em><em>dict<\/em> \/ Berlioz<\/p>\n<p><strong>Rosina<\/strong> <em>Il Barbier<\/em><em>e di Siviglia<\/em>\/ Rossini,\u00a0<strong>Desdemona<\/strong> <em>Otello<\/em> \/ Rossini<\/p>\n<p><strong>Cherubino<\/strong> <em>Le nozze di Figaro<\/em> \/ Mozart,\u00a0<strong>Idamante<\/strong> <em>Idomeneo<\/em> \/ Mozart<\/p>\n<p><strong>Dorabella<\/strong> <em>Cos<\/em><em>\u00ec<\/em> <em>fan tutte<\/em> \/ Mozart,\u00a0<strong>Zerlina<\/strong> <em>Don Giovanni<\/em> \/ Mozart<\/p>\n<p><strong>H<\/strong><strong>\u00e4<\/strong><strong>nsel<\/strong> <em>H<\/em><em>\u00e4<\/em><em>nsel und Gretel<\/em> \/ Humperdinck<\/p>\n<p><strong>Ottavia<\/strong><em> L<\/em><em>\u2018<\/em><em>incoronazione di Poppea<\/em> \/ Monteverdi<\/p>\n<p><strong>Ruggiero<\/strong><em> Alcina<\/em> \/ H\u00e4ndel,\u00a0<strong>Ariodante<\/strong> \u00a0<em>Ariodante<\/em> \/ H\u00e4ndel<\/p>\n<p>Dem zeitgen\u00f6ssischen Musiktheater widmet sie sich mit besonderer Leidenschaft, sie sang u.a. den Sopran in <em>La fabbrica illuminata<\/em>\u00a0von Luigi Nono\u00a0und Zeugin in Rzewskis Oper <em>Triumph des Todes<\/em> (G\u00f6tz-Friedrich-Preis 2016). Hervorzuheben ist ihre\u00a0Partie <strong>Alice\/ k\u2019Ali<\/strong> in Per N\u00f6rgards Oper <em>Nuit des Hommes<\/em>. Einen weiteren deutschlandweit beachteten Erfolg feierte Ulrika Str\u00f6mstedt als <strong>Desdemona<\/strong> in Rossinis <em>Otello<\/em>.<\/p>\n<p>Sie konzertierte mit dem\u00a0<em>Symfonieorkester Odense,<\/em> dem <em>Symfonieorkester Aarhus<\/em> (D\u00e4nemark), dem <em>Orchester Musikkollegium Winterthur<\/em>, dem <em>Orquestra Barroca de Lleida<\/em> (Spanien), dem\u00a0<em>Ensemble Iberoamericano<\/em>, der <em>Klangwerkstatt\u00a0Weimar<\/em>, dem <em>Mitteldeutschen Kammerorchester<\/em>, <em>Hofer Symphoniker,<\/em> Europ\u00e4ischen Barockorchester <em>Le Chardon<\/em> sowie der <em>Staatskapelle Weimar<\/em>.<\/p>\n<p>Zu ihrem Repertoire im Konzertbereich z\u00e4hlen u.A.: <em>Sh<\/em><em>\u00e9<\/em><em>h<\/em><em>\u00e9<\/em><em>razade<\/em> von Rav\u00e8l und <em>Les Nuits d<\/em><em>\u2019\u00e9<\/em><em>t<\/em><em>\u00e9\u00a0<\/em>von Berlioz, Lieder von Sibelius, Wagners <em>Wesendonck-Lieder<\/em>, das\u00a0<em>Stabat Mater<\/em> von Pergolesi, Oratoire de No\u00ebl von Saint Saens,das <em>Weihnachtsoratorium<\/em>, die <em>h-Moll-Messe<\/em>, die <em>Matth<\/em><em>\u00e4<\/em><em>us<\/em>&#8211;\u00a0und Johannespassionvon J.S. Bach, das <em>Mozart-Requiem<\/em> und die\u00a0<em>c-Moll-Messe.<\/em><\/p>\n<p>2009 spielte sie gemeinsam mit den <em>Heidelberger Sinfonikern<\/em> Mendelssohns <em>Lob-gesang<\/em> auf CD ein.<\/p>\n<\/p>\n<p><!--more--><\/p>\n","protected":false},"excerpt":{"rendered":"<p>ULRIKA STR\u00d6MSTEDT Die lyrische Mezzosopranistin Ulrika Str\u00f6mstedt war von 2002-2013 festes Ensemblemitglied am Deutschen Nationaltheater Weimar und hat \u00fcber 30 Opernpartien gesungen. Freiberuflich sang sie danach u.a. am Staatstheater Wiesbaden, Staatstheater Darmstadt, Gera\/Altenburg Theater, im [&hellip;]<\/p>\n","protected":false},"author":1,"featured_media":64,"parent":0,"menu_order":0,"comment_status":"closed","ping_status":"closed","template":"","meta":[],"acf":[],"_links":{"self":[{"href":"http:\/\/www.ulrikastroemstedt.com\/wp-json\/wp\/v2\/pages\/8"}],"collection":[{"href":"http:\/\/www.ulrikastroemstedt.com\/wp-json\/wp\/v2\/pages"}],"about":[{"href":"http:\/\/www.ulrikastroemstedt.com\/wp-json\/wp\/v2\/types\/page"}],"author":[{"embeddable":true,"href":"http:\/\/www.ulrikastroemstedt.com\/wp-json\/wp\/v2\/users\/1"}],"replies":[{"embeddable":true,"href":"http:\/\/www.ulrikastroemstedt.com\/wp-json\/wp\/v2\/comments?post=8"}],"version-history":[{"count":69,"href":"http:\/\/www.ulrikastroemstedt.com\/wp-json\/wp\/v2\/pages\/8\/revisions"}],"predecessor-version":[{"id":873,"href":"http:\/\/www.ulrikastroemstedt.com\/wp-json\/wp\/v2\/pages\/8\/revisions\/873"}],"wp:featuredmedia":[{"embeddable":true,"href":"http:\/\/www.ulrikastroemstedt.com\/wp-json\/wp\/v2\/media\/64"}],"wp:attachment":[{"href":"http:\/\/www.ulrikastroemstedt.com\/wp-json\/wp\/v2\/media?parent=8"}],"curies":[{"name":"wp","href":"https:\/\/api.w.org\/{rel}","templated":true}]}}